{"id":805,"date":"2016-12-07T11:25:44","date_gmt":"2016-12-07T14:25:44","guid":{"rendered":"http:\/\/www.dryadaleepott.com.ar\/?page_id=805"},"modified":"2024-06-12T09:48:29","modified_gmt":"2024-06-12T12:48:29","slug":"impresora-3d","status":"publish","type":"page","link":"https:\/\/www.dryada.com.ar\/?page_id=805","title":{"rendered":"EQUIPOS"},"content":{"rendered":"<h2 style=\"text-align: center;\">EQUIPOS<\/h2>\n<h3 style=\"text-align: center;\">OFRECEMOS LA M\u00c1S SOFISTICADA TECNOLOG\u00cdA.<\/p>\n<p>CONSULTANOS POR EQUIPOS E INSUMOS PARA IMPRESI\u00d3N 3D Y ESCANEO \u00d3PTICO<\/h3>\n<p style=\"text-align: center;\"><a class=\"cherry-btn cherry-btn-primary cherry-btn-large cherry-btn-inline cherry-btn-fade   button-999\" target=\"_blank\" href=\"https:\/\/www.dryada.com.ar\/?page_id=47\">CONOC\u00c9 M\u00c1S<\/a>\n<p>&nbsp;<\/p>\n<p>&nbsp;<\/p>\n","protected":false},"excerpt":{"rendered":"EQUIPOS OFRECEMOS LA M\u00c1S SOFISTICADA TECNOLOG\u00cdA. CONSULTANOS POR EQUIPOS E INSUMOS PARA IMPRESI\u00d3N 3D Y ESCANEO \u00d3PTICO &nbsp; &nbsp;","protected":false},"author":1,"featured_media":0,"parent":0,"menu_order":0,"comment_status":"closed","ping_status":"closed","template":"","meta":{"footnotes":""},"class_list":["post-805","page","type-page","status-publish","hentry"],"_links":{"self":[{"href":"https:\/\/www.dryada.com.ar\/index.php?rest_route=\/wp\/v2\/pages\/805","targetHints":{"allow":["GET"]}}],"collection":[{"href":"https:\/\/www.dryada.com.ar\/index.php?rest_route=\/wp\/v2\/pages"}],"about":[{"href":"https:\/\/www.dryada.com.ar\/index.php?rest_route=\/wp\/v2\/types\/page"}],"author":[{"embeddable":true,"href":"https:\/\/www.dryada.com.ar\/index.php?rest_route=\/wp\/v2\/users\/1"}],"replies":[{"embeddable":true,"href":"https:\/\/www.dryada.com.ar\/index.php?rest_route=%2Fwp%2Fv2%2Fcomments&post=805"}],"version-history":[{"count":131,"href":"https:\/\/www.dryada.com.ar\/index.php?rest_route=\/wp\/v2\/pages\/805\/revisions"}],"predecessor-version":[{"id":2544,"href":"https:\/\/www.dryada.com.ar\/index.php?rest_route=\/wp\/v2\/pages\/805\/revisions\/2544"}],"wp:attachment":[{"href":"https:\/\/www.dryada.com.ar\/index.php?rest_route=%2Fwp%2Fv2%2Fmedia&parent=805"}],"curies":[{"name":"wp","href":"https:\/\/api.w.org\/{rel}","templated":true}]}}