{"id":678,"date":"2016-11-30T15:07:21","date_gmt":"2016-11-30T18:07:21","guid":{"rendered":"http:\/\/www.dryadaleepott.com.ar\/?page_id=678"},"modified":"2024-06-24T12:36:24","modified_gmt":"2024-06-24T15:36:24","slug":"sin-titulo","status":"publish","type":"page","link":"https:\/\/www.dryada.com.ar\/","title":{"rendered":"Home 2"},"content":{"rendered":"<style>\n.post-meta{display: none;}<br \/>.post-content {display: none;}<br \/>figure{float:left;}<br \/>.post-thumbnail{margin-right: 15px;}<br \/>.post-title {font-size: 30px;hyphens: none;line-height: 1em;margin: 0 0 28px;overflow: hidden;text-transform: uppercase;}<br \/>.post-title a{color: #8D3C67;}<br \/><\/style>\n<div class=\"row parallax_1 \" ><section class=\"parallax-box image-parallax-box \" style=\"min-height: 150px\"><div class=\"parallax-content\"><div class=\"container-fluid\"><div class=\"row row-edge\">\n<p style=\"text-align: center;\">\n<\/div><\/div><div class=\"clear\"><\/div><\/div><div class=\"parallax-bg\" data-parallax-type=\"image\" data-img-url=\"https:\/\/www.dryada.com.ar\/wp-content\/uploads\/2015\/05\/parallax-1.jpg\" data-speed=\"1.5\" data-invert=\"1\" ><\/div><\/section><\/div>\n<div class=\"row  \" ><div class=\"container\"><div class=\"row row-edge\">\n<div class=\"col-md-12\">\n<p>&nbsp;<\/p>\n<div id=\"cherry-posts-list-1\" class=\"cherry-posts-list template-default row  \"><div class=\"cherry-posts-item col-xs-12 col-sm-12 col-md-6 col-lg-6 post-item item-0 odd\"><div class=\"inner cherry-clearfix\"><figure class=\"post-thumbnail\"><a href=\"https:\/\/www.dryada.com.ar\/?p=1765\" title=\"FILAMENTOS\" class=\"post-thumbnail_link\"><img loading=\"lazy\" decoding=\"async\" width=\"300\" height=\"190\" src=\"https:\/\/www.dryada.com.ar\/wp-content\/uploads\/2019\/10\/insumos-1-300x190.jpg\" class=\"attachment-medium size-medium wp-post-image\" alt=\"\" \/><\/a><\/figure>\n<h4 class=\"post-title\"><a href=\"https:\/\/www.dryada.com.ar\/?p=1765\" title=\"FILAMENTOS\">FILAMENTOS<\/a><\/h4>\n<div class=\"post-meta\">\n\tPosted on <time datetime=\"2019-10-18T12:34:44-03:00\">octubre 18, 2019<\/time> by <span class=\"post-author vcard\"><a href=\"https:\/\/www.dryada.com.ar\/?author=4\" rel=\"author\">Tania Venine<\/a><\/span>  <span class=\"post-tax post-tax-category\"><a href=\"https:\/\/www.dryada.com.ar\/?cat=1\">Uncategorized<\/a><\/span>\n<\/div>\n\n<div class=\"post-content part\">&nbsp; Insumos Conoc\u00e9 nuestro listado completo de INSUMOS Filamentos MAKERBOT Filamentos SMART 3D Filamentos SmartMaterials\u00a0 Insumos Ultimaker Sprays para escaneo AESUB &nbsp; &nbsp;<\/div>\n\n<footer><\/footer><\/div><\/div><div class=\"cherry-xs-clear cherry-sm-clear\"><\/div><!--\/.cherry-posts-item--><div class=\"cherry-posts-item col-xs-12 col-sm-12 col-md-6 col-lg-6 post-item item-1 even\"><div class=\"inner cherry-clearfix\"><figure class=\"post-thumbnail\"><a href=\"https:\/\/www.dryada.com.ar\/?p=1761\" title=\"Esc\u00e1ner 3D EinStar Shining\" class=\"post-thumbnail_link\"><img loading=\"lazy\" decoding=\"async\" width=\"300\" height=\"191\" src=\"https:\/\/www.dryada.com.ar\/wp-content\/uploads\/2019\/10\/einstar-01.png\" class=\"attachment-medium size-medium wp-post-image\" alt=\"\" \/><\/a><\/figure>\n<h4 class=\"post-title\"><a href=\"https:\/\/www.dryada.com.ar\/?p=1761\" title=\"Esc\u00e1ner 3D EinStar Shining\">Esc\u00e1ner 3D EinStar Shining<\/a><\/h4>\n<div class=\"post-meta\">\n\tPosted on <time datetime=\"2019-10-18T12:33:19-03:00\">octubre 18, 2019<\/time> by <span class=\"post-author vcard\"><a href=\"https:\/\/www.dryada.com.ar\/?author=4\" rel=\"author\">Tania Venine<\/a><\/span>  <span class=\"post-tax post-tax-category\"><a href=\"https:\/\/www.dryada.com.ar\/?cat=1\">Uncategorized<\/a><\/span>\n<\/div>\n\n<div class=\"post-content part\">Nuevo EinStar 3D Scanner desde USD 2800 Llev\u00e1 tus escaneos 3D al siguiente nivel con la \u00faltima tecnolog\u00eda internacional<\/div>\n\n<footer><\/footer><\/div><\/div><div class=\"cherry-xs-clear cherry-sm-clear cherry-md-clear cherry-lg-clear\"><\/div><!--\/.cherry-posts-item--><div class=\"cherry-posts-item col-xs-12 col-sm-12 col-md-6 col-lg-6 post-item item-2 odd\"><div class=\"inner cherry-clearfix\"><figure class=\"post-thumbnail\"><a href=\"https:\/\/www.dryada.com.ar\/?p=1046\" title=\"CAPACITACI\u00d3N\" class=\"post-thumbnail_link\"><img loading=\"lazy\" decoding=\"async\" width=\"300\" height=\"190\" src=\"https:\/\/www.dryada.com.ar\/wp-content\/uploads\/2017\/11\/cp-300x190.jpg\" class=\"attachment-medium size-medium wp-post-image\" alt=\"\" \/><\/a><\/figure>\n<h4 class=\"post-title\"><a href=\"https:\/\/www.dryada.com.ar\/?p=1046\" title=\"CAPACITACI\u00d3N\">CAPACITACI\u00d3N<\/a><\/h4>\n<div class=\"post-meta\">\n\tPosted on <time datetime=\"2017-11-29T12:55:01-03:00\">noviembre 29, 2017<\/time> by <span class=\"post-author vcard\"><a href=\"https:\/\/www.dryada.com.ar\/?author=1\" rel=\"author\">admin<\/a><\/span>  <span class=\"post-tax post-tax-category\"><a href=\"https:\/\/www.dryada.com.ar\/?cat=55\">CAPACITACION<\/a><\/span>\n<\/div>\n\n<div class=\"post-content part\">Capacitaci\u00f3n La capacitaci\u00f3n es uno de los pilares de la industria y tambi\u00e9n en la formaci\u00f3n para el uso de las nuevas tecnolog\u00edas que cambiar<\/div>\n\n<footer><\/footer><\/div><\/div><div class=\"cherry-xs-clear cherry-sm-clear\"><\/div><!--\/.cherry-posts-item--><div class=\"cherry-posts-item col-xs-12 col-sm-12 col-md-6 col-lg-6 post-item item-3 even\"><div class=\"inner cherry-clearfix\"><figure class=\"post-thumbnail\"><a href=\"https:\/\/www.dryada.com.ar\/?p=22\" title=\"SERVICIO DE IMPRESI\u00d3N 3D\" class=\"post-thumbnail_link\"><img loading=\"lazy\" decoding=\"async\" width=\"300\" height=\"190\" src=\"https:\/\/www.dryada.com.ar\/wp-content\/uploads\/2015\/05\/web-imp-300x190.jpg\" class=\"attachment-medium size-medium wp-post-image\" alt=\"\" srcset=\"https:\/\/www.dryada.com.ar\/wp-content\/uploads\/2015\/05\/web-imp-300x190.jpg 300w, https:\/\/www.dryada.com.ar\/wp-content\/uploads\/2015\/05\/web-imp.jpg 711w\" sizes=\"auto, (max-width: 300px) 100vw, 300px\" \/><\/a><\/figure>\n<h4 class=\"post-title\"><a href=\"https:\/\/www.dryada.com.ar\/?p=22\" title=\"SERVICIO DE IMPRESI\u00d3N 3D\">SERVICIO DE IMPRESI\u00d3N 3D<\/a><\/h4>\n<div class=\"post-meta\">\n\tPosted on <time datetime=\"2015-05-25T10:17:53-03:00\">mayo 25, 2015<\/time> by <span class=\"post-author vcard\"><a href=\"https:\/\/www.dryada.com.ar\/?author=1\" rel=\"author\">admin<\/a><\/span>  <span class=\"post-tax post-tax-category\"><a href=\"https:\/\/www.dryada.com.ar\/?cat=47\">Impresi\u00f3n 3D<\/a><\/span>\n<\/div>\n<div class=\"post-excerpt\">Una idea, un dise\u00f1o, una pieza \u00fanica de impresi\u00f3n 3D<\/div>\n<div class=\"post-content part\">SERVICIO DE IMPRESI\u00d3N 3D En Dryada ofrecemos servicios de impresiones para prototipos est\u00e1ticos o funcionales, moldes, maquetas, dise\u00f1os, joyer\u00eda, etc. Trabajamos en dos ejes: Profesional<\/div>\n\n<footer><\/footer><\/div><\/div><div class=\"cherry-xs-clear cherry-sm-clear cherry-md-clear cherry-lg-clear\"><\/div><!--\/.cherry-posts-item--><\/div><!--\/.cherry-posts-list-->\n<\/div>\n<\/div><\/div><\/div>\n<p>&nbsp;<\/p>\n<p>&nbsp;<\/p>\n","protected":false},"excerpt":{"rendered":"&nbsp; &nbsp;","protected":false},"author":1,"featured_media":0,"parent":0,"menu_order":0,"comment_status":"closed","ping_status":"closed","template":"","meta":{"footnotes":""},"class_list":["post-678","page","type-page","status-publish","hentry"],"_links":{"self":[{"href":"https:\/\/www.dryada.com.ar\/index.php?rest_route=\/wp\/v2\/pages\/678","targetHints":{"allow":["GET"]}}],"collection":[{"href":"https:\/\/www.dryada.com.ar\/index.php?rest_route=\/wp\/v2\/pages"}],"about":[{"href":"https:\/\/www.dryada.com.ar\/index.php?rest_route=\/wp\/v2\/types\/page"}],"author":[{"embeddable":true,"href":"https:\/\/www.dryada.com.ar\/index.php?rest_route=\/wp\/v2\/users\/1"}],"replies":[{"embeddable":true,"href":"https:\/\/www.dryada.com.ar\/index.php?rest_route=%2Fwp%2Fv2%2Fcomments&post=678"}],"version-history":[{"count":90,"href":"https:\/\/www.dryada.com.ar\/index.php?rest_route=\/wp\/v2\/pages\/678\/revisions"}],"predecessor-version":[{"id":2604,"href":"https:\/\/www.dryada.com.ar\/index.php?rest_route=\/wp\/v2\/pages\/678\/revisions\/2604"}],"wp:attachment":[{"href":"https:\/\/www.dryada.com.ar\/index.php?rest_route=%2Fwp%2Fv2%2Fmedia&parent=678"}],"curies":[{"name":"wp","href":"https:\/\/api.w.org\/{rel}","templated":true}]}}