{"id":2150,"date":"2022-10-21T11:17:46","date_gmt":"2022-10-21T14:17:46","guid":{"rendered":"https:\/\/www.dryada.com.ar\/?page_id=2150"},"modified":"2024-06-25T20:33:11","modified_gmt":"2024-06-25T23:33:11","slug":"sprays-para-escaneo-aesub","status":"publish","type":"page","link":"https:\/\/www.dryada.com.ar\/?page_id=2150","title":{"rendered":"Sprays para escaneo AESUB"},"content":{"rendered":"<p style=\"padding-left: 40px;\"><a class=\"single-popup-image\" href=\"https:\/\/www.dryada.com.ar\/wp-content\/uploads\/2022\/10\/AESUB.png\"><img loading=\"lazy\" decoding=\"async\" class=\"size-full wp-image-2151 aligncenter\" src=\"https:\/\/www.dryada.com.ar\/wp-content\/uploads\/2022\/10\/AESUB.png\" alt=\"\" width=\"211\" height=\"66\" \/><\/a><strong>AESUB<\/strong><\/p>\n<p style=\"padding-left: 40px;\">Traemos la tecnolog\u00eda AESUB al pa\u00eds, aerosoles que brindan soluciones perfectas para el escaneo 3D. Incluso con esc\u00e1neres de \u00faltima generaci\u00f3n es necesario aplicar el espray de mateado en varios casos:<\/p>\n<p style=\"padding-left: 40px;\"><strong>\u2192 Piezas transparentes:<\/strong><br \/>\nAl tratarse de tecnolog\u00edas \u00f3pticas, la luz debe proyectarse sobre la superficie y\/o reflejarse en el receptor del esc\u00e1ner. Sin embargo, en el caso de una superficie transparente, la luz atravesar\u00e1 la superficie en lugar de ser reflejada por la misma. En consecuencia, el esc\u00e1ner no puede captar la estructura de la superficie.<\/p>\n<p style=\"padding-left: 40px;\"><strong>\u2192 Piezas reflectantes:<\/strong><br \/>\nEn el caso de las piezas re\ufb02ectantes, como un espejo, los haces de luz se re\ufb02ejar\u00e1n de forma focalizada en lugar de forma difusa. Esto significa que la posibilidad de que un haz impacte en el receptor del esc\u00e1ner es muy reducida y el esc\u00e1ner s\u00f3lo captar\u00e1 una fracci\u00f3n de los haces de luz re\ufb02ejados.<\/p>\n<p style=\"padding-left: 40px;\"><strong>\u2192 Cavidades profundas:<\/strong><br \/>\nCuando el objeto a escanear tiene cavidades profundas, el esc\u00e1ner recibe una reflexi\u00f3n de las paredes de la cavidad sobre el fondo. Esto provoca una alteraci\u00f3n en el patr\u00f3n que se traduce en elementos extra\u00f1os en el resultado del escaneo o en datos err\u00f3neos.<\/p>\n<p style=\"padding-left: 40px;\"><strong>\u2192 Alta calidad y precisi\u00f3n:<\/strong><br \/>\nCuando la calidad y la precisi\u00f3n son importantes, es posible que desee aplicar un espray para eliminar la mayor cantidad posible de causas que afectan a la calidad y la precisi\u00f3n como las diferencias de color, las diferencias de reflexi\u00f3n, la textura, etc. El uso del espray crea una capa blanca y mate que reduce los reflejos y otras no homogeneidades y, por tanto, proporciona unas condiciones de escaneado perfectas.<\/p>\n<p style=\"padding-left: 40px;\">Adem\u00e1s los spray AESUB se evaporan despu\u00e9s del escaneo 3D de tal forma que no hace falta limpiar la pieza. Son f\u00e1ciles de aplicar, generando una capa delgada y siendo as\u00ed un spray de escaneo de \u00faltima generaci\u00f3n.<\/p>\n<p style=\"padding-left: 40px;\">Los aerosoles AESUB permiten procesos de escaneo 3D m\u00e1s r\u00e1pidos, eficientes y m\u00e1s precisos.<\/p>\n<p style=\"text-align: center;\"><strong>\u00a0<\/strong><a class=\"cherry-btn cherry-btn-primary cherry-btn-large cherry-btn-inline cherry-btn-fade   button-909\" target=\"_blank\" href=\"https:\/\/www.dryada.com.ar\/wp-content\/uploads\/2024\/03\/AESUB-CAT-WEb.pdf\">CONOC\u00c9 LAS CARACTER\u00cdSTICAS<\/a>\u00a0 <strong>\u00a0<\/strong><a class=\"cherry-btn cherry-btn-primary cherry-btn-large cherry-btn-inline cherry-btn-fade   button-780\" target=\"_blank\" href=\"https:\/\/dryada.mitiendanube.com\/\">COMPRAR<\/a>\n<p style=\"padding-left: 40px;\"><a class=\"single-popup-image\" href=\"https:\/\/www.dryada.com.ar\/wp-content\/uploads\/2022\/10\/white-dry.jpg\"><img loading=\"lazy\" decoding=\"async\" class=\"alignleft size-full wp-image-2153\" src=\"https:\/\/www.dryada.com.ar\/wp-content\/uploads\/2022\/10\/white-dry.jpg\" alt=\"\" width=\"200\" height=\"200\" srcset=\"https:\/\/www.dryada.com.ar\/wp-content\/uploads\/2022\/10\/white-dry.jpg 200w, https:\/\/www.dryada.com.ar\/wp-content\/uploads\/2022\/10\/white-dry-150x150.jpg 150w\" sizes=\"auto, (max-width: 200px) 100vw, 200px\" \/><\/a><\/p>\n<h3><strong>White Spray<\/strong><\/h3>\n<p>El AESUB White Spray esta destinado a piezas de scaneo permanente ya que deja una capa muy consistente y homog\u00e9nea que no se evapora. Tambi\u00e9n, y a diferencia de los otros sprays, este genera una capa de forma m\u00e1s r\u00e1pida, dejando la pieza revelada en cuesti\u00f3n de segundos. Al no evaporarse sola se puede quitar manualmente con un pa\u00f1o o un cepillo, tanto en seco o como h\u00famedo dependiendo el objeto que se escanee.<\/p>\n<p style=\"padding-left: 280px;\"><strong>Caracter\u00edsticas principales:<\/strong><br \/>\n\u2013 Valores \u00f3ptimos de contraste<br \/>\n\u2013 Espesor medio de la capa de 7 \u00b5m<br \/>\n\u2013 Recubrimiento consistente y homog\u00e9neo<br \/>\n\u2013 Compatibilidad de materiales optimizada<br \/>\n\u2013 Sin di\u00f3xido de titanio (TiO2)<br \/>\n\u2013 Excelente escaneabilidad<br \/>\n<strong>\u00a0<\/strong><a class=\"cherry-btn cherry-btn-primary cherry-btn-large cherry-btn-inline cherry-btn-fade   button-278\" target=\"_blank\" href=\"https:\/\/www.dryada.com.ar\/wp-content\/uploads\/2022\/10\/WHITE.pdf\">M\u00c1S INFO<\/a>\n<p>&nbsp;<\/p>\n<h3 style=\"padding-left: 40px;\"><strong><a class=\"single-popup-image\" href=\"https:\/\/www.dryada.com.ar\/wp-content\/uploads\/2024\/06\/aesub_tp-w-01.png\"><img loading=\"lazy\" decoding=\"async\" class=\"alignleft wp-image-2607 \" src=\"https:\/\/www.dryada.com.ar\/wp-content\/uploads\/2024\/06\/aesub_tp-w-01-226x300.png\" alt=\"\" width=\"189\" height=\"216\" \/><\/a>Spray Transparente<\/strong><\/h3>\n<p>AESUB transparente es un spray de escaneo que mate<br \/>\ntemporalmente las superficies brillantes con una pel\u00edcula<br \/>\ntransparente. Esto permite que los esc\u00e1neres \u00f3pticos capturen al<br \/>\nmismo tiempo no s\u00f3lo los contornos de la superficie sino tambi\u00e9n<br \/>\nlos valores de color del objeto medido. El transparente AESUB<br \/>\ndesaparece, por lo que no es necesario limpiarlo.<\/p>\n<p style=\"padding-left: 240px;\"><strong>Caracter\u00edsticas principales:<\/strong><br \/>\n&#8211; Elimina reflejos sin p\u00e9rdida de informaci\u00f3n de color<br \/>\n&#8211; Spray opaco evanescente transparente (4hs)<br \/>\n&#8211; Perfecto para escaneo 3D, fotogrametr\u00eda, pel\u00edculas y fotograf\u00eda<br \/>\n&#8211; Recubrimiento fino y homog\u00e9neo<br \/>\n&#8211; Libre de pigmentos<br \/>\n&#8211; No requiere limpieza<\/p>\n<p style=\"padding-left: 240px;\"><strong>\u00a0<\/strong><a class=\"cherry-btn cherry-btn-primary cherry-btn-large cherry-btn-inline cherry-btn-fade   button-404\" target=\"_blank\" href=\"#\">M\u00c1S INFO<\/a>\n<p style=\"padding-left: 40px;\"><a class=\"single-popup-image\" href=\"https:\/\/www.dryada.com.ar\/wp-content\/uploads\/2024\/06\/scantist_w-01.png\"><img loading=\"lazy\" decoding=\"async\" class=\"alignleft wp-image-2606 size-medium\" src=\"https:\/\/www.dryada.com.ar\/wp-content\/uploads\/2024\/06\/scantist_w-01-226x300.png\" alt=\"\" width=\"226\" height=\"300\" srcset=\"https:\/\/www.dryada.com.ar\/wp-content\/uploads\/2024\/06\/scantist_w-01-226x300.png 226w, https:\/\/www.dryada.com.ar\/wp-content\/uploads\/2024\/06\/scantist_w-01.png 300w\" sizes=\"auto, (max-width: 226px) 100vw, 226px\" \/><\/a><\/p>\n<h3><strong>Spray Scantist 3D<\/strong><\/h3>\n<p>Es un spray de escaneo evanescente revolucionario, desarrollado<br \/>\npara aplicaciones extraorales en laboratorios dentales.Un<br \/>\nrecubrimiento con SCANTIST 3D \u2013 Vanishing mejora las propiedades<br \/>\nde medici\u00f3n de modelos dentales, modelos de yeso, preparaciones,<br \/>\nmu\u00f1ones e impresiones. SCANTIST 3D \u2013 Vanishing forma sobre los<br \/>\nobjetos una capa blanca mate homog\u00e9nea y muy fina. Este<br \/>\nrevestimiento evita cualquier reflejo y el objeto puede escanearse<br \/>\ncon precisi\u00f3n. Los detalles finos en geometr\u00eda y superficie no se ven<br \/>\nafectados por el recubrimiento.<\/p>\n<p style=\"padding-left: 280px;\"><strong>Caracter\u00edsticas principales:<\/strong><br \/>\n&#8211; Spray de escaneo extraoral para la industria dental<br \/>\n&#8211; Optimiza el escaneo para aplicaciones CAD\/CAM, grabaciones de c\u00e1mara\/v\u00eddeo,<br \/>\nescaneos de luz estructurada, escaneos de luz azul, etc.<br \/>\n&#8211; Se evapora \/ sublima despu\u00e9s de su uso.<br \/>\n&#8211; No contiene pigmentos, ni di\u00f3xido de titanio (TiO2), ni contaminaci\u00f3n del objeto, el<br \/>\nmedio ambiente ni el usuario.<br \/>\n&#8211; Superficie antideslizante\u2022 Espesor de capa ultrafino<br \/>\n&#8211; Revestimiento muy fino y homog\u00e9neo.<br \/>\n&#8211; Eficiente y econ\u00f3mico gracias a una aplicaci\u00f3n precisa mediante una boquilla fina<br \/>\nespecial<br \/>\n&#8211; Se adhiere a todos los materiales, incluso en superficies muy lisas.<br \/>\n&#8211; Sin efecto corrosivo<\/p>\n<p style=\"padding-left: 280px;\"><strong>\u00a0<\/strong><a class=\"cherry-btn cherry-btn-primary cherry-btn-large cherry-btn-inline cherry-btn-fade   button-279\" target=\"_blank\" href=\"#\">M\u00c1S INFO<\/a>\n<p><a class=\"single-popup-image\" href=\"https:\/\/www.dryada.com.ar\/wp-content\/uploads\/2022\/10\/ORANGE-dry.jpg\"><img loading=\"lazy\" decoding=\"async\" class=\"alignleft size-full wp-image-2154\" src=\"https:\/\/www.dryada.com.ar\/wp-content\/uploads\/2022\/10\/ORANGE-dry.jpg\" alt=\"\" width=\"200\" height=\"200\" srcset=\"https:\/\/www.dryada.com.ar\/wp-content\/uploads\/2022\/10\/ORANGE-dry.jpg 200w, https:\/\/www.dryada.com.ar\/wp-content\/uploads\/2022\/10\/ORANGE-dry-150x150.jpg 150w\" sizes=\"auto, (max-width: 200px) 100vw, 200px\" \/><\/a><\/p>\n<h3><strong>Orange Spray<\/strong><\/h3>\n<p>El AESUB Orange se evapora en un promedio de 12-24 horas, y es para escaneos que pueden prolongarse y seguir el proceso al d\u00eda siguiente, por esto se destaca que reci\u00e9n pasadas las 24hs la pieza dejara de estar cubierta por el mismo.<\/p>\n<p>El AESUB Orange no contiene pigmentos y adem\u00e1s no hace falta limpiarlo, por lo que evita la contaminaci\u00f3n de zonas sensibles, como laboratorios y centros de producci\u00f3n, equipos, usuarios, etc.<\/p>\n<p style=\"padding-left: 240px;\"><strong>Caracter\u00edsticas principales:<\/strong><br \/>\n\u2013 Evaporable<br \/>\n\u2013 Ahorro de tiempo y costes: no es necesario realizar una limpieza posterio<br \/>\n\u2013 Espesor de la capa de 2 \u2013 6 \u00b5m<br \/>\n\u2013 Libre de pigmentos<br \/>\n\u2013 el polvo pulverizado no da\u00f1a el sensible equipo t\u00e9cnico de escaneo<br \/>\n\u2013 Consistente, homog\u00e9neo y seco a la capa de contacto<br \/>\n\u2013 Los puntos de referencia se adhieren al revestimiento<br \/>\n\u2013 Compatibilidad de materiales optimizada<br \/>\n<strong>\u00a0<\/strong><a class=\"cherry-btn cherry-btn-primary cherry-btn-large cherry-btn-inline cherry-btn-fade   button-268\" target=\"_blank\" href=\"https:\/\/www.dryada.com.ar\/wp-content\/uploads\/2022\/10\/ORANGE.pdf\">M\u00c1S INFO<\/a>\n<p><a class=\"single-popup-image\" href=\"https:\/\/www.dryada.com.ar\/wp-content\/uploads\/2022\/10\/blue.png\"><img loading=\"lazy\" decoding=\"async\" class=\"alignleft size-full wp-image-2155\" src=\"https:\/\/www.dryada.com.ar\/wp-content\/uploads\/2022\/10\/blue.png\" alt=\"\" width=\"200\" height=\"200\" srcset=\"https:\/\/www.dryada.com.ar\/wp-content\/uploads\/2022\/10\/blue.png 200w, https:\/\/www.dryada.com.ar\/wp-content\/uploads\/2022\/10\/blue-150x150.png 150w\" sizes=\"auto, (max-width: 200px) 100vw, 200px\" \/><\/a><\/p>\n<h3><strong>Blue Spray<\/strong><\/h3>\n<p>Este spray se evapora en un promedio de 4 horas, siendo as\u00ed para escaneos r\u00e1pidos y obviamente buscando la alta eficacia. Gracias a esta tecnolog\u00eda de r\u00e1pida evaporaci\u00f3n se tendr\u00e1 la pieza limpia en el mismo d\u00eda sin necesidad de limpiarla, el AESUB Blue no contiene pigmentos, por lo que evita la contaminaci\u00f3n por pigmentos de zonas sensibles, como laboratorios y centros de producci\u00f3n, equipos y usuarios.<\/p>\n<p style=\"padding-left: 240px;\"><strong>Caracter\u00edsticas principales:<\/strong><br \/>\n\u2013 Evaporable<br \/>\n\u2013 Ahorro de tiempo y costes: no es necesario realizar una limpieza posterior<br \/>\n\u2013 Espesor de la capa de ~8-15 \u00b5m<br \/>\n\u2013 Libre de pigmentos<br \/>\n\u2013 el polvo pulverizado no da\u00f1a el sensible equipo t\u00e9cnico de escaneo<br \/>\n\u2013 Consistente, homog\u00e9neo y seco a la capa de contacto<br \/>\n\u2013 Los puntos de referencia se adhieren al revestimiento<br \/>\n\u2013 Compatibilidad de materiales optimizada<br \/>\n<strong>\u00a0<\/strong><a class=\"cherry-btn cherry-btn-primary cherry-btn-large cherry-btn-inline cherry-btn-fade   button-649\" target=\"_blank\" href=\"https:\/\/www.dryada.com.ar\/wp-content\/uploads\/2022\/10\/BLUE.pdf\">M\u00c1S INFO<\/a>\n<p>&nbsp;<\/p>\n","protected":false},"excerpt":{"rendered":"AESUB Traemos la tecnolog\u00eda AESUB al pa\u00eds, aerosoles que brindan soluciones perfectas para el escaneo 3D. Incluso con esc\u00e1neres de \u00faltima generaci\u00f3n es necesario aplicar el espray de mateado en varios casos: \u2192 Piezas transparentes: Al tratarse de tecnolog\u00edas \u00f3pticas, la luz debe proyectarse sobre la superficie y\/o reflejarse en el receptor del esc\u00e1ner. Sin","protected":false},"author":4,"featured_media":0,"parent":1000,"menu_order":0,"comment_status":"closed","ping_status":"closed","template":"","meta":{"footnotes":""},"class_list":["post-2150","page","type-page","status-publish","hentry"],"_links":{"self":[{"href":"https:\/\/www.dryada.com.ar\/index.php?rest_route=\/wp\/v2\/pages\/2150","targetHints":{"allow":["GET"]}}],"collection":[{"href":"https:\/\/www.dryada.com.ar\/index.php?rest_route=\/wp\/v2\/pages"}],"about":[{"href":"https:\/\/www.dryada.com.ar\/index.php?rest_route=\/wp\/v2\/types\/page"}],"author":[{"embeddable":true,"href":"https:\/\/www.dryada.com.ar\/index.php?rest_route=\/wp\/v2\/users\/4"}],"replies":[{"embeddable":true,"href":"https:\/\/www.dryada.com.ar\/index.php?rest_route=%2Fwp%2Fv2%2Fcomments&post=2150"}],"version-history":[{"count":21,"href":"https:\/\/www.dryada.com.ar\/index.php?rest_route=\/wp\/v2\/pages\/2150\/revisions"}],"predecessor-version":[{"id":2615,"href":"https:\/\/www.dryada.com.ar\/index.php?rest_route=\/wp\/v2\/pages\/2150\/revisions\/2615"}],"up":[{"embeddable":true,"href":"https:\/\/www.dryada.com.ar\/index.php?rest_route=\/wp\/v2\/pages\/1000"}],"wp:attachment":[{"href":"https:\/\/www.dryada.com.ar\/index.php?rest_route=%2Fwp%2Fv2%2Fmedia&parent=2150"}],"curies":[{"name":"wp","href":"https:\/\/api.w.org\/{rel}","templated":true}]}}