{"id":2066,"date":"2022-05-24T14:30:46","date_gmt":"2022-05-24T17:30:46","guid":{"rendered":"https:\/\/www.dryada.com.ar\/?page_id=2066"},"modified":"2023-11-13T15:56:32","modified_gmt":"2023-11-13T18:56:32","slug":"raise-3d","status":"publish","type":"page","link":"https:\/\/www.dryada.com.ar\/?page_id=2066","title":{"rendered":"RAISE 3D"},"content":{"rendered":"<h3><a class=\"single-popup-image\" href=\"https:\/\/www.dryada.com.ar\/wp-content\/uploads\/2022\/05\/logo-raise.png\"><img loading=\"lazy\" decoding=\"async\" class=\"size-full wp-image-2069 aligncenter\" src=\"https:\/\/www.dryada.com.ar\/wp-content\/uploads\/2022\/05\/logo-raise.png\" alt=\"\" width=\"400\" height=\"117\" srcset=\"https:\/\/www.dryada.com.ar\/wp-content\/uploads\/2022\/05\/logo-raise.png 400w, https:\/\/www.dryada.com.ar\/wp-content\/uploads\/2022\/05\/logo-raise-300x88.png 300w\" sizes=\"auto, (max-width: 400px) 100vw, 400px\" \/><\/a><\/h3>\n<h3><a class=\"single-popup-image\" href=\"https:\/\/www.dryada.com.ar\/wp-content\/uploads\/2022\/05\/pro3_1.png\"><img loading=\"lazy\" decoding=\"async\" class=\"alignleft size-full wp-image-2072\" src=\"https:\/\/www.dryada.com.ar\/wp-content\/uploads\/2022\/05\/pro3_1.png\" alt=\"\" width=\"200\" height=\"207\" \/><\/a>Pro3 de Raise3D<\/h3>\n<p><strong>Producci\u00f3n \u00e1gil simplificada<\/strong><br \/>\nUna impresora 3D de extrusora dual profesional con caracter\u00edsticas f\u00e1ciles de usar para una mejor experiencia de impresi\u00f3n 3D y un mayor volumen de construcci\u00f3n, lo que la convierte en una excelente opci\u00f3n para la producci\u00f3n y la creaci\u00f3n r\u00e1pida de prototipos de varios tama\u00f1os.<\/p>\n<p>&nbsp;<\/p>\n<p>&nbsp;<\/p>\n<h3><a class=\"single-popup-image\" href=\"https:\/\/www.dryada.com.ar\/wp-content\/uploads\/2022\/05\/pro3plus_1.png\"><img loading=\"lazy\" decoding=\"async\" class=\"alignleft size-full wp-image-2073\" src=\"https:\/\/www.dryada.com.ar\/wp-content\/uploads\/2022\/05\/pro3plus_1.png\" alt=\"\" width=\"200\" height=\"205\" \/><\/a>Pro3 Plus de Raise3D<\/h3>\n<p><strong>Producci\u00f3n \u00e1gil simplificada<\/strong><br \/>\nUna impresora 3D de extrusora dual profesional con caracter\u00edsticas f\u00e1ciles de usar para una experiencia de impresi\u00f3n 3D m\u00e1s f\u00e1cil y un gran volumen de construcci\u00f3n que la hace ideal para la producci\u00f3n a gran escala y la creaci\u00f3n r\u00e1pida de prototipos de varios tama\u00f1os.<\/p>\n<p>&nbsp;<\/p>\n<p>&nbsp;<\/p>\n<h3><a class=\"single-popup-image\" href=\"https:\/\/www.dryada.com.ar\/wp-content\/uploads\/2022\/05\/e2cf_.png\"><img loading=\"lazy\" decoding=\"async\" class=\"alignleft size-full wp-image-2068\" src=\"https:\/\/www.dryada.com.ar\/wp-content\/uploads\/2022\/05\/e2cf_.png\" alt=\"\" width=\"200\" height=\"155\" \/><\/a>Impresora 3D IDEX para impresi\u00f3n de fibra de carbono<\/h3>\n<p><strong>E2CF de Raise3D<\/strong><br \/>\nImpresi\u00f3n de fibra de carbono simplificada<br \/>\nUna impresora 3D IDEX optimizada para filamentos reforzados con fibra de carbono, lo que hace que la impresora sea ideal para aplicaciones que requieren piezas con una alta relaci\u00f3n resistencia-peso.<\/p>\n<p>&nbsp;<\/p>\n<h3><a class=\"single-popup-image\" href=\"https:\/\/www.dryada.com.ar\/wp-content\/uploads\/2022\/05\/e2_.png\"><img loading=\"lazy\" decoding=\"async\" class=\"alignleft size-full wp-image-2067\" src=\"https:\/\/www.dryada.com.ar\/wp-content\/uploads\/2022\/05\/e2_.png\" alt=\"\" width=\"200\" height=\"155\" \/><\/a>E2 por Raise3D<\/h3>\n<p><strong>Preciso, fiable, asequible<\/strong><br \/>\nCapacidades avanzadas de impresi\u00f3n 3D para ingenier\u00eda de escritorio, escuelas y fabricaci\u00f3n de lotes peque\u00f1os.<\/p>\n<p>&nbsp;<\/p>\n<h3><a class=\"single-popup-image\" href=\"https:\/\/www.dryada.com.ar\/wp-content\/uploads\/2022\/05\/pro2_.png\"><img loading=\"lazy\" decoding=\"async\" class=\"alignleft size-full wp-image-2071\" src=\"https:\/\/www.dryada.com.ar\/wp-content\/uploads\/2022\/05\/pro2_.png\" alt=\"\" width=\"200\" height=\"207\" \/><\/a>Pro2 de Raise3D<\/h3>\n<p><strong>Caballo de batalla de grado industrial completamente cerrado<\/strong><br \/>\nImprima piezas complejas, admita una variedad de filamentos y mejore la velocidad de impresi\u00f3n. Reconocido como el punto de referencia y el est\u00e1ndar de oro para aplicaciones serias de impresi\u00f3n 3D y confiabilidad 24\/7.<\/p>\n<p>&nbsp;<\/p>\n<p>&nbsp;<\/p>\n<h3><a class=\"single-popup-image\" href=\"https:\/\/www.dryada.com.ar\/wp-content\/uploads\/2022\/05\/pro2-plus_.png\"><img loading=\"lazy\" decoding=\"async\" class=\"alignleft size-full wp-image-2070\" src=\"https:\/\/www.dryada.com.ar\/wp-content\/uploads\/2022\/05\/pro2-plus_.png\" alt=\"\" width=\"200\" height=\"205\" \/><\/a>Pro2 Plus de Raise3D<\/h3>\n<p><strong>Totalmente cerrado, doble extrusi\u00f3n y m\u00e1s<\/strong><br \/>\nCuando los trabajos grandes requieren piezas grandes, los profesionales eligen el galardonado Pro2 Plus. Con capacidades de impresi\u00f3n de alta resoluci\u00f3n, la Pro2 Plus se fabric\u00f3 para producir una calidad de impresi\u00f3n del producto final.<\/p>\n<p>&nbsp;<\/p>\n<p>&nbsp;<\/p>\n<p><strong>\u00a0<\/strong><a class=\"cherry-btn cherry-btn-primary cherry-btn-large cherry-btn-inline cherry-btn-fade   button-655\" target=\"_blank\" href=\"https:\/\/www.dryada.com.ar\/files\/Raise3D\/RAISEDRYADA.pdf\">CONOC\u00c9 M\u00c1S<\/a>\u00a0 \u00a0 <strong>\u00a0 \u00a0 \u00a0<a class=\"cherry-btn cherry-btn-primary cherry-btn-large cherry-btn-inline cherry-btn-fade   button-520\" target=\"_blank\" href=\"https:\/\/www.dryada.com.ar\/?page_id=2082\">Contactanos<\/a><\/strong><\/p>\n","protected":false},"excerpt":{"rendered":"Pro3 de Raise3D Producci\u00f3n \u00e1gil simplificada Una impresora 3D de extrusora dual profesional con caracter\u00edsticas f\u00e1ciles de usar para una mejor experiencia de impresi\u00f3n 3D y un mayor volumen de construcci\u00f3n, lo que la convierte en una excelente opci\u00f3n para la producci\u00f3n y la creaci\u00f3n r\u00e1pida de prototipos de varios tama\u00f1os. &nbsp; &nbsp; Pro3 Plus","protected":false},"author":4,"featured_media":0,"parent":805,"menu_order":0,"comment_status":"closed","ping_status":"closed","template":"","meta":{"footnotes":""},"class_list":["post-2066","page","type-page","status-publish","hentry"],"_links":{"self":[{"href":"https:\/\/www.dryada.com.ar\/index.php?rest_route=\/wp\/v2\/pages\/2066","targetHints":{"allow":["GET"]}}],"collection":[{"href":"https:\/\/www.dryada.com.ar\/index.php?rest_route=\/wp\/v2\/pages"}],"about":[{"href":"https:\/\/www.dryada.com.ar\/index.php?rest_route=\/wp\/v2\/types\/page"}],"author":[{"embeddable":true,"href":"https:\/\/www.dryada.com.ar\/index.php?rest_route=\/wp\/v2\/users\/4"}],"replies":[{"embeddable":true,"href":"https:\/\/www.dryada.com.ar\/index.php?rest_route=%2Fwp%2Fv2%2Fcomments&post=2066"}],"version-history":[{"count":7,"href":"https:\/\/www.dryada.com.ar\/index.php?rest_route=\/wp\/v2\/pages\/2066\/revisions"}],"predecessor-version":[{"id":2520,"href":"https:\/\/www.dryada.com.ar\/index.php?rest_route=\/wp\/v2\/pages\/2066\/revisions\/2520"}],"up":[{"embeddable":true,"href":"https:\/\/www.dryada.com.ar\/index.php?rest_route=\/wp\/v2\/pages\/805"}],"wp:attachment":[{"href":"https:\/\/www.dryada.com.ar\/index.php?rest_route=%2Fwp%2Fv2%2Fmedia&parent=2066"}],"curies":[{"name":"wp","href":"https:\/\/api.w.org\/{rel}","templated":true}]}}