{"id":1684,"date":"2019-10-17T13:34:15","date_gmt":"2019-10-17T16:34:15","guid":{"rendered":"https:\/\/www.dryada.com.ar\/?page_id=1684"},"modified":"2023-07-20T11:47:54","modified_gmt":"2023-07-20T14:47:54","slug":"makerbot","status":"publish","type":"page","link":"https:\/\/www.dryada.com.ar\/?page_id=1684","title":{"rendered":"ULTIMAKER"},"content":{"rendered":"<div class=\"row row-edge  \" >\n<div class=\"col-md-12 col-xs-offset-0 col-sm-offset-0 col-md-offset-0 col-lg-offset-0 col-xs-pull-0 col-sm-pull-0 col-md-pull-0 col-lg-pull-0 col-xs-push-0 col-sm-push-0 col-md-push-0 col-lg-push-0\">\n<div class=\"cherry-box   box-825\"><div class=\"inner\">\n<h3><a class=\"single-popup-image\" href=\"https:\/\/www.dryada.com.ar\/wp-content\/uploads\/2023\/07\/UltiMaker_Logo150-01-1.png\"><img loading=\"lazy\" decoding=\"async\" class=\"size-medium wp-image-2333 aligncenter\" src=\"https:\/\/www.dryada.com.ar\/wp-content\/uploads\/2023\/07\/UltiMaker_Logo150-01-1-300x129.png\" alt=\"\" width=\"300\" height=\"129\" srcset=\"https:\/\/www.dryada.com.ar\/wp-content\/uploads\/2023\/07\/UltiMaker_Logo150-01-1-300x129.png 300w, https:\/\/www.dryada.com.ar\/wp-content\/uploads\/2023\/07\/UltiMaker_Logo150-01-1.png 350w\" sizes=\"auto, (max-width: 300px) 100vw, 300px\" \/><\/a><\/h3>\n<h2 style=\"padding-left: 40px;\"><strong>Serie UltiMaker S<\/strong><\/h2>\n<p style=\"padding-left: 40px;\">Su herramienta perfecta para explorar nuevas aplicaciones de impresi\u00f3n 3D. La serie S combina la<br \/>\nfacilidad de uso con la versatilidad, lo que le permite elegir, hacer clic e imprimir desde hasta 280<br \/>\nmateriales para cumplir con una amplia gama de requisitos. Las posibilidades de innovaci\u00f3n son<br \/>\ninfinitas. Y con la serie S, solo est\u00e1n limitados por su propia imaginaci\u00f3n.<\/p>\n<h3 style=\"padding-left: 80px;\"><strong>UltiMaker S7 Pro Bundle<\/strong><\/h3>\n<p style=\"padding-left: 40px;\"><a class=\"single-popup-image\" href=\"https:\/\/www.dryada.com.ar\/wp-content\/uploads\/2023\/07\/S-series-printer-S7-Pro-bundle-1_210.png\"><img loading=\"lazy\" decoding=\"async\" class=\"alignleft wp-image-2337 size-full\" src=\"https:\/\/www.dryada.com.ar\/wp-content\/uploads\/2023\/07\/S-series-printer-S7-Pro-bundle-1_210.png\" alt=\"\" width=\"210\" height=\"340\" srcset=\"https:\/\/www.dryada.com.ar\/wp-content\/uploads\/2023\/07\/S-series-printer-S7-Pro-bundle-1_210.png 210w, https:\/\/www.dryada.com.ar\/wp-content\/uploads\/2023\/07\/S-series-printer-S7-Pro-bundle-1_210-185x300.png 185w\" sizes=\"auto, (max-width: 210px) 100vw, 210px\" \/><\/a><strong>Impresi\u00f3n 3D las 24 horas del d\u00eda, los 7 d\u00edas de la semana<\/strong><\/p>\n<p style=\"padding-left: 40px;\">Mayor capacidad. Mejor productividad. Esta es la soluci\u00f3n completa para revolucionar su flujo de<br \/>\ntrabajo. Por lo tanto, puede dedicar menos tiempo a la gesti\u00f3n de materiales y m\u00e1s tiempo a la<br \/>\nproducci\u00f3n de piezas de alta calidad.<\/p>\n<p style=\"padding-left: 120px;\"><strong>\u2192<\/strong>\u00a0 Manipulaci\u00f3n de materiales para 6 bobinas<br \/>\n<strong>\u2192<\/strong> \u00a0Placa de construcci\u00f3n flexible<br \/>\n<strong>\u2192<\/strong> \u00a0Sondeo inductivo preciso<br \/>\n<strong>\u2192<\/strong> \u00a0Volumen de construcci\u00f3n: 330 x 240 x 300 mm (13 x 9,4 x 11,8 pulgadas)<br \/>\n<strong>\u2192<\/strong> \u00a0Dimensiones ensambladas: Ancho 495 x profundidad 500 x altura 1190 mm (ancho 19,5 x<br \/>\nprofundidad 19,7 x altura 46,9 pulgadas)<br \/>\n<strong>\u2192<\/strong> \u00a0Tecnolog\u00eda de impresi\u00f3n: Modelado de deposici\u00f3n fundida (FDM)<br \/>\n<strong>\u2192<\/strong> \u00a0Di\u00e1metro de filamento compatible: 2,85mm<br \/>\n<strong>\u2192<\/strong> \u00a0Peso_ 29,1 kg (64,2 libras)<br \/>\n<strong>\u2192<\/strong> \u00a0Salida de potencia m\u00e1xima: 500W<br \/>\n<strong>\u2192<\/strong>\u00a0 Cabezal de impresi\u00f3n: Cabezal de impresi\u00f3n de extrusi\u00f3n dual con sistema de elevaci\u00f3n<br \/>\nautom\u00e1tica de boquillas, n\u00facleos de impresi\u00f3n intercambiables y detecci\u00f3n de inundaciones.<\/p>\n<p>&nbsp;<\/p>\n<h3 style=\"padding-left: 80px;\"><strong>UltiMaker S7<\/strong><\/h3>\n<p style=\"padding-left: 80px;\"><a class=\"single-popup-image\" href=\"https:\/\/www.dryada.com.ar\/wp-content\/uploads\/2023\/07\/ultimaker_s7-210.png\"><img loading=\"lazy\" decoding=\"async\" class=\"alignleft wp-image-2339 size-full\" src=\"https:\/\/www.dryada.com.ar\/wp-content\/uploads\/2023\/07\/ultimaker_s7-210.png\" alt=\"\" width=\"210\" height=\"272\" \/><\/a><strong>Un nuevo nivel de \u00e9xito en la impresi\u00f3n 3D<\/strong><\/p>\n<p style=\"padding-left: 120px;\">La impresi\u00f3n 3D sin pegamento y la extracci\u00f3n de la pieza terminada dan como resultado un gran aumento de la productividad. Consiga siempre una primera capa perfecta gracias al palpado inductivo y la compensaci\u00f3n de la inclinaci\u00f3n de la cama.<\/p>\n<p style=\"padding-left: 120px;\"><strong>\u2192<\/strong>\u00a0 \u00a0Administrador de aire integrado<br \/>\n<strong>\u2192<\/strong>\u00a0 \u00a0Placa de construcci\u00f3n flexible<br \/>\n<strong>\u2192\u00a0\u00a0<\/strong>\u00a0Sondeo inductivo preciso<br \/>\n<strong>\u2192\u00a0\u00a0<\/strong>\u00a0Volumen de construcci\u00f3n: 330 x 240 x 300 mm (13 x 9,4 x 11,8 pulgadas)<br \/>\n<strong>\u2192<\/strong>\u00a0 \u00a0Dimensiones ensambladas: Ancho 495 x profundidad 585 x altura 800 mm (ancho 19,5 x<br \/>\nprofundidad 23 x altura 31,5 pulgadas)<br \/>\n<strong>\u2192<\/strong>\u00a0 \u00a0Tecnolog\u00eda de impresi\u00f3n: Modelado de deposici\u00f3n fundida (FDM)<br \/>\n<strong>\u2192<\/strong>\u00a0 \u00a0Di\u00e1metro de filamento compatible: 2,85mm<br \/>\n<strong>\u2192<\/strong>\u00a0 \u00a0Peso: 29,1 kg (64,2 libras)<br \/>\n<strong>\u2192<\/strong>\u00a0 \u00a0Salida de potencia m\u00e1xima:500W<br \/>\n<strong>\u2192<\/strong>\u00a0 \u00a0Cabezal de impresi\u00f3n: Cabezal de impresi\u00f3n de extrusi\u00f3n dual con sistema de elevaci\u00f3n autom\u00e1tica de boquillas, n\u00facleos de impresi\u00f3n intercambiables y detecci\u00f3n de inundaciones.<\/p>\n<p>&nbsp;<\/p>\n<h3 style=\"padding-left: 80px;\"><strong>UltiMaker S5<\/strong><\/h3>\n<p style=\"padding-left: 80px;\"><a class=\"single-popup-image\" href=\"https:\/\/www.dryada.com.ar\/wp-content\/uploads\/2023\/07\/ULTIMAJER_S5_210.png\"><img loading=\"lazy\" decoding=\"async\" class=\"alignleft wp-image-2338 size-full\" src=\"https:\/\/www.dryada.com.ar\/wp-content\/uploads\/2023\/07\/ULTIMAJER_S5_210.png\" alt=\"\" width=\"210\" height=\"260\" \/><\/a><\/p>\n<p style=\"padding-left: 80px;\"><strong>Ampl\u00ede sus ambiciones de impresi\u00f3n 3D<\/strong><\/p>\n<p style=\"padding-left: 80px;\">Ideal para dar vida a grandes ideas. Simplemente haga clic e imprima con la m\u00e1s amplia variedad de materiales del mercado, incluidos compuestos reforzados y acero inoxidable.<\/p>\n<p style=\"padding-left: 120px;\"><strong>\u2192<\/strong>\u00a0 Gran c\u00e1mara de construcci\u00f3n<br \/>\n<strong>\u2192<\/strong>\u00a0 Compatible con m\u00e1s de 280 materiales<br \/>\n<strong>\u2192<\/strong>\u00a0 Administrador de aire opcional<br \/>\n<strong>\u2192<\/strong>\u00a0 Volumen de construcci\u00f3n: 330 x 240 x 300 mm (13 x 9,4 x 11,8 pulgadas)<br \/>\n<strong>\u2192<\/strong>\u00a0 Dimensiones ensambladas: Ancho 495 x profundidad 585 x altura 780 mm (ancho 19,5 x<br \/>\nprofundidad 23 x altura 30,7 pulgadas)<br \/>\n<strong>\u2192<\/strong>\u00a0 Tecnolog\u00eda de impresi\u00f3n: Modelado de deposici\u00f3n fundida (FDM)<br \/>\n<strong>\u2192<\/strong>\u00a0 Di\u00e1metro de filamento compatible: 2,85mm<br \/>\n<strong>\u2192<\/strong>\u00a0 Peso: 29,1 kg (64,2 libras)<br \/>\n<strong>\u2192<\/strong>\u00a0 Salida de potencia m\u00e1xima: 500W<br \/>\n<strong>\u2192<\/strong>\u00a0 Cabezal de impresi\u00f3n: Cabezal de impresi\u00f3n de extrusi\u00f3n dual con sistema de elevaci\u00f3n<br \/>\nautom\u00e1tica de boquillas, n\u00facleos de impresi\u00f3n intercambiables y detecci\u00f3n de inundaciones.<\/p>\n<p style=\"padding-left: 80px;\">\n<h3 style=\"padding-left: 120px;\"><strong>UltiMaker S3 <\/strong><\/h3>\n<p style=\"padding-left: 120px;\"><a class=\"single-popup-image\" href=\"https:\/\/www.dryada.com.ar\/wp-content\/uploads\/2023\/07\/S-series-printer-S3_150.png\"><img loading=\"lazy\" decoding=\"async\" class=\"alignleft wp-image-2336 size-full\" src=\"https:\/\/www.dryada.com.ar\/wp-content\/uploads\/2023\/07\/S-series-printer-S3_150.png\" alt=\"\" width=\"210\" height=\"270\" \/><\/a><strong>La impresi\u00f3n 3D f\u00e1cil de usar comienza aqu\u00ed<\/strong><\/p>\n<p style=\"padding-left: 120px;\">Una potencia que encaja perfectamente en un escritorio. Listo para imprimir compuestos de fibra de vidrio y carbono. Los soportes solubles permiten geometr\u00edas complejas con m\u00e1s libertad de dise\u00f1o.<\/p>\n<p style=\"padding-left: 120px;\"><strong>\u2192<\/strong>\u00a0\u00a0N\u00facleos de impresi\u00f3n de doble extrusi\u00f3n<br \/>\n<strong>\u2192<\/strong>\u00a0\u00a0Compatible con m\u00e1s de 120 materiales<br \/>\n<strong>\u2192<\/strong>\u00a0\u00a0Sensores de agotamiento de filamento<br \/>\n<strong>\u2192<\/strong>\u00a0\u00a0Volumen de construcci\u00f3n: 230 x 190 x 200 mm (9 x 7,4 x 7,9 pulgadas)<br \/>\n<strong>\u2192<\/strong> \u00a0Dimensiones ensambladas: Ancho 394 x Profundidad 489 x Altura 637 mm (Ancho 15,5 x<br \/>\n<strong>\u2192<\/strong>\u00a0Profundidad 19,3 x Altura 25,1 pulgadas)<br \/>\n<strong>\u2192<\/strong>\u00a0\u00a0Tecnolog\u00eda de impresi\u00f3n: Modelado de deposici\u00f3n fundida (FDM)<br \/>\n<strong>\u2192<\/strong>\u00a0\u00a0Di\u00e1metro de filamento compatible: 2,85mm<br \/>\n<strong>\u2192<\/strong>\u00a0\u00a0Peso: 14,4 kg (31,7 libras)<br \/>\n<strong>\u2192<\/strong>\u00a0\u00a0Salida de potencia m\u00e1xima: 350W<br \/>\n<strong>\u2192<\/strong>\u00a0 Cabezal de impresi\u00f3n: Cabezal de impresi\u00f3n de extrusi\u00f3n dual con sistema de elevaci\u00f3n autom\u00e1tica de boquillas, n\u00facleos de impresi\u00f3n intercambiables y detecci\u00f3n de inundaciones.<\/p>\n<p style=\"padding-left: 120px;\">\n<p style=\"padding-left: 40px;\"><a class=\"single-popup-image\" href=\"https:\/\/www.dryada.com.ar\/wp-content\/uploads\/2019\/10\/method-web.jpg\"><img loading=\"lazy\" decoding=\"async\" class=\"alignleft size-full wp-image-1839\" src=\"https:\/\/www.dryada.com.ar\/wp-content\/uploads\/2019\/10\/method-web.jpg\" alt=\"\" width=\"289\" height=\"300\" \/><\/a><\/p>\n<h3><strong>UltiMaker Method<\/strong><\/h3>\n<p>La primera impresora 3D de alto desempe\u00f1o<br \/>\nRompe la barrera entre la impresi\u00f3n 3D industrial y de escritorio<\/p>\n<a class=\"cherry-btn cherry-btn-primary cherry-btn-large cherry-btn-inline cherry-btn-fade   button-946\" target=\"_blank\" href=\"https:\/\/www.dryada.com.ar\/wp-content\/uploads\/2019\/10\/Method_One_Sheet_Spanish-1.pdf\">Ficha t\u00e9cnica<\/a>\n<\/div><\/div>\n<\/div>\n<\/div>\n<div class=\"row row-edge  \" >\n<div class=\"col-md-12\">\n<p><a class=\"single-popup-image\" href=\"https:\/\/www.dryada.com.ar\/wp-content\/uploads\/2019\/10\/METHOD-X-1.jpg\"><img loading=\"lazy\" decoding=\"async\" class=\"alignleft size-full wp-image-1841\" src=\"https:\/\/www.dryada.com.ar\/wp-content\/uploads\/2019\/10\/METHOD-X-1.jpg\" alt=\"\" width=\"289\" height=\"300\" \/><\/a><\/p>\n<h3><strong>UltiMaker Method X<\/strong><\/h3>\n<p>Imprima ABS Real de grado industrial, con una c\u00e1mara a 100c.<\/p>\n<p>Materiales listos para manufactura incluyendo ABS real, PETG, Tough y m\u00e1s.<\/p>\n<p>Sistema de impresi\u00f3n industrial automatizado, libre de retoques.<\/p>\n<a class=\"cherry-btn cherry-btn-primary cherry-btn-large cherry-btn-inline cherry-btn-fade   button-265\" target=\"_blank\" href=\"https:\/\/www.dryada.com.ar\/wp-content\/uploads\/2019\/10\/method_comparison_SPA-finales.pdf\">Ficha t\u00e9cnica<\/a> <a class=\"cherry-btn cherry-btn-primary cherry-btn-large cherry-btn-inline cherry-btn-fade   button-469\" target=\"_blank\" href=\"https:\/\/www.dryada.com.ar\/wp-content\/uploads\/2019\/10\/method_onesheet_SPA-finales.pdf\">Ver m\u00e1s<\/a>\n<p>&nbsp;<\/p>\n<h3 style=\"padding-left: 80px;\"><strong>UltiMaker Method X Carbon Fiber\u00a0<\/strong><\/h3>\n<p style=\"padding-left: 80px;\">\n<a class=\"single-popup-image\" href=\"https:\/\/www.dryada.com.ar\/wp-content\/uploads\/2023\/07\/Method-series-printer-Method-X-Carbon-Fiber_210.png\"><img loading=\"lazy\" decoding=\"async\" class=\"alignleft wp-image-2334 size-full\" src=\"https:\/\/www.dryada.com.ar\/wp-content\/uploads\/2023\/07\/Method-series-printer-Method-X-Carbon-Fiber_210.png\" alt=\"\" width=\"210\" height=\"281\" \/><\/a>Reemplace piezas y ensamblajes met\u00e1licos con fibra de carbono impresa en 3D<br \/>\nLa soluci\u00f3n ideal para reemplazar piezas y ensamblajes met\u00e1licos personalizados con<br \/>\ncompuestos de fibra de carbono impresos en 3D. Listo para salir de la caja con la mayor<br \/>\nprecisi\u00f3n y repetitividad.<\/p>\n<p style=\"padding-left: 120px;\"><strong>\u2192<\/strong>\u00a0\u00a0Extrusoras compuestas de accionamiento directo<br \/>\n<strong>\u2192<\/strong>\u00a0\u00a0C\u00e1mara calentada hasta 110 \u00b0C<br \/>\n<strong>\u2192<\/strong>\u00a0\u00a0Marco de metal r\u00edgido<br \/>\n<strong>\u2192<\/strong>\u00a0\u00a0Volumen de construcci\u00f3n (doble material): Ancho 152, Fondo 190, Alto 196 mm (Ancho 6,<br \/>\nFondo 7,5, Alto 7,75 pulgadas)<br \/>\n<strong>\u2192<\/strong>\u00a0\u00a0Volumen de construcci\u00f3n (material \u00fanico): Ancho 190, Fondo 190, Alto 196 mm (Ancho<br \/>\n7,5, Fondo 7,5, Alto 7,75 pulgadas)<br \/>\n<strong>\u2192<\/strong>\u00a0\u00a0Dimensiones ensambladas: W 43,7, D 41,3, H 64,9 H cm (W 17,2, D 16,3, H 25,6 in)<br \/>\n<strong>\u2192<\/strong>\u00a0\u00a0Tecnolog\u00eda de impresi\u00f3n: Modelado de deposici\u00f3n fundida (FDM)<br \/>\n<strong>\u2192<\/strong>\u00a0\u00a0Di\u00e1metro de filamento compatible: 1,75 mm<br \/>\n<strong>\u2192<\/strong>\u00a0\u00a0Peso: 29,5 kg (65 libras)<br \/>\n<strong>\u2192<\/strong>\u00a0\u00a0Salida de potencia m\u00e1xima: 800W<br \/>\n<strong>\u2192<\/strong>\u00a0\u00a0Resoluci\u00f3n de capa: Boquilla de 0,4 mm: 400 &#8211; 20 micras<br \/>\n<strong>\u2192<\/strong>\u00a0\u00a0Reemplazo del extrusor: Extrusoras de rendimiento intercambiables<br \/>\n<strong>\u2192<\/strong>\u00a0 Cabezal de impresi\u00f3n: Cabezal de impresi\u00f3n de doble extrusi\u00f3n con extrusores intercambiables<br \/>\n<strong>\u2192<\/strong>\u00a0\u00a0Di\u00e1metro de la boquilla: 0,4 mm<\/p>\n<p>&nbsp;<\/p>\n<h3 style=\"padding-left: 80px;\"><strong>METHOD UltiMaker XL <\/strong><\/h3>\n<p style=\"padding-left: 80px;\"><a class=\"single-popup-image\" href=\"https:\/\/www.dryada.com.ar\/wp-content\/uploads\/2023\/07\/Method-series-printer-Method-XL_210.png\"><img loading=\"lazy\" decoding=\"async\" class=\"alignleft wp-image-2335 size-full\" src=\"https:\/\/www.dryada.com.ar\/wp-content\/uploads\/2023\/07\/Method-series-printer-Method-XL_210.png\" alt=\"\" width=\"210\" height=\"180\" \/><\/a><strong>Impresi\u00f3n de precisi\u00f3n. Escala industrial.<\/strong><\/p>\n<p style=\"padding-left: 80px;\">Presentamos el M\u00e9todo XL. Imprima piezas grandes con materiales de grado industrial y alta<br \/>\nprecisi\u00f3n dimensional: la soluci\u00f3n definitiva para aplicaciones de ingenier\u00eda.<\/p>\n<p style=\"padding-left: 80px;\"><strong>\u2192<\/strong>\u00a0\u00a0Extrusoras compuestas de accionamiento directo<br \/>\n<strong>\u2192<\/strong>\u00a0\u00a0C\u00e1mara calentada hasta 100 \u00b0C<br \/>\n<strong>\u2192<\/strong>\u00a0\u00a0Placa de construcci\u00f3n calentada hasta 105 \u00b0C<br \/>\n<strong>\u2192<\/strong>\u00a0\u00a0Temperatura m\u00e1xima de la c\u00e1mara calentada: 100 \u00b0C<\/p>\n<p style=\"padding-left: 80px;\"><strong>\u2192<\/strong>\u00a0\u00a0Volumen de construcci\u00f3n de extrusora dual (XYZ): 305 x 305 x 320 mm (12 x 12 x 12,6<br \/>\npulgadas)<br \/>\n<strong>\u2192<\/strong>\u00a0\u00a0Placa de construcci\u00f3n calentada con superficie de construcci\u00f3n extra\u00edble y flexible<br \/>\n<strong>\u2192<\/strong>\u00a0\u00a0Volumen de construcci\u00f3n (doble material): 305 x 305 x 320 mm (12 x 12 x 12,6 pulgadas)<br \/>\n<strong>\u2192<\/strong>\u00a0\u00a0Dimensiones ensambladas: Impresora: Ancho 655 x Profundidad 565 x Altura 815 mm (Ancho<br \/>\n25,8 x Profundidad 22,2 x Altura 32,1 pulgadas)<br \/>\nCaja de material: Ancho 223 x Profundidad 328 x Altura 319 mm (Ancho 8,8 x Profundidad 12,9 x<br \/>\nAltura 12,6 pulgadas)<br \/>\n<strong>\u2192<\/strong>\u00a0\u00a0Tecnolog\u00eda de impresi\u00f3n: Modelado de deposici\u00f3n fundida (FDM)<br \/>\n<strong>\u2192<\/strong>\u00a0\u00a0Di\u00e1metro de filamento compatible: 1,75 mm<br \/>\n<strong>\u2192<\/strong>\u00a0\u00a0Peso<br \/>\n<strong>\u2192<\/strong>\u00a0\u00a0Impresora: 56,5 kg (125 libras)<br \/>\n<strong>\u2192<\/strong>\u00a0Caja de material: 1,9 kg (4,2 libras)<br \/>\n<strong>\u2192<\/strong>\u00a0\u00a0Salida de potencia m\u00e1xima: 1400W<\/p>\n<\/div>\n<\/div>\n","protected":false},"excerpt":{"rendered":"","protected":false},"author":4,"featured_media":0,"parent":805,"menu_order":0,"comment_status":"closed","ping_status":"closed","template":"","meta":{"footnotes":""},"class_list":["post-1684","page","type-page","status-publish","hentry"],"_links":{"self":[{"href":"https:\/\/www.dryada.com.ar\/index.php?rest_route=\/wp\/v2\/pages\/1684","targetHints":{"allow":["GET"]}}],"collection":[{"href":"https:\/\/www.dryada.com.ar\/index.php?rest_route=\/wp\/v2\/pages"}],"about":[{"href":"https:\/\/www.dryada.com.ar\/index.php?rest_route=\/wp\/v2\/types\/page"}],"author":[{"embeddable":true,"href":"https:\/\/www.dryada.com.ar\/index.php?rest_route=\/wp\/v2\/users\/4"}],"replies":[{"embeddable":true,"href":"https:\/\/www.dryada.com.ar\/index.php?rest_route=%2Fwp%2Fv2%2Fcomments&post=1684"}],"version-history":[{"count":12,"href":"https:\/\/www.dryada.com.ar\/index.php?rest_route=\/wp\/v2\/pages\/1684\/revisions"}],"predecessor-version":[{"id":2341,"href":"https:\/\/www.dryada.com.ar\/index.php?rest_route=\/wp\/v2\/pages\/1684\/revisions\/2341"}],"up":[{"embeddable":true,"href":"https:\/\/www.dryada.com.ar\/index.php?rest_route=\/wp\/v2\/pages\/805"}],"wp:attachment":[{"href":"https:\/\/www.dryada.com.ar\/index.php?rest_route=%2Fwp%2Fv2%2Fmedia&parent=1684"}],"curies":[{"name":"wp","href":"https:\/\/api.w.org\/{rel}","templated":true}]}}