{"id":1089,"date":"2017-12-04T14:26:02","date_gmt":"2017-12-04T17:26:02","guid":{"rendered":"http:\/\/www.dryadaleepott.com.ar\/?page_id=1089"},"modified":"2018-10-02T14:38:15","modified_gmt":"2018-10-02T17:38:15","slug":"novedades","status":"publish","type":"page","link":"https:\/\/www.dryada.com.ar\/?page_id=1089","title":{"rendered":"Novedades"},"content":{"rendered":"<div class=\"row  \" ><div class=\"container\"><div class=\"row row-edge\">\n<div class=\"col-md-12\">\n<div id=\"cherry-posts-list-1\" class=\"cherry-posts-list template-default row  \"><div class=\"cherry-posts-item col-xs-12 col-sm-12 col-md-6 col-lg-6 post-item item-0 odd\"><div class=\"inner cherry-clearfix\"><figure class=\"post-thumbnail\"><a href=\"https:\/\/www.dryada.com.ar\/?p=2524\" title=\"Lleg\u00f3 el Emplazamiento: \u201cEl David\u201d estar\u00e1 a la vista de todos\" class=\"post-thumbnail_link\"><img loading=\"lazy\" decoding=\"async\" width=\"768\" height=\"432\" src=\"https:\/\/www.dryada.com.ar\/wp-content\/uploads\/2024\/02\/Sin-titulo-768x432.png\" class=\"attachment-medium_large size-medium_large wp-post-image\" alt=\"\" srcset=\"https:\/\/www.dryada.com.ar\/wp-content\/uploads\/2024\/02\/Sin-titulo-768x432.png 768w, https:\/\/www.dryada.com.ar\/wp-content\/uploads\/2024\/02\/Sin-titulo-300x169.png 300w, https:\/\/www.dryada.com.ar\/wp-content\/uploads\/2024\/02\/Sin-titulo-1024x576.png 1024w, https:\/\/www.dryada.com.ar\/wp-content\/uploads\/2024\/02\/Sin-titulo.png 1200w\" sizes=\"auto, (max-width: 768px) 100vw, 768px\" \/><\/a><\/figure>\n<h4 class=\"post-title\"><a href=\"https:\/\/www.dryada.com.ar\/?p=2524\" title=\"Lleg\u00f3 el Emplazamiento: \u201cEl David\u201d estar\u00e1 a la vista de todos\">Lleg\u00f3 el Emplazamiento: \u201cEl David\u201d estar\u00e1 a la vista de todos<\/a><\/h4>\n<div class=\"post-meta\">\n\tPosted on <time datetime=\"2024-02-08T13:47:16-03:00\">febrero 8, 2024<\/time> by <span class=\"post-author vcard\"><a href=\"https:\/\/www.dryada.com.ar\/?author=4\" rel=\"author\">Tania Venine<\/a><\/span>  <span class=\"post-tax post-tax-category\"><a href=\"https:\/\/www.dryada.com.ar\/?cat=56\">Novedades<\/a><\/span>\n<\/div>\n\n<div class=\"post-content part\">El\u00a0 6\/3\/2024 en Resistencia, ciudad de las esculturas, ser\u00e1 el<\/div>\n<a href=\"https:\/\/www.dryada.com.ar\/?p=2524\" class=\"btn btn-default\">mas info<\/a>\n<footer><\/footer><\/div><\/div><div class=\"cherry-xs-clear cherry-sm-clear\"><\/div><!--\/.cherry-posts-item--><div class=\"cherry-posts-item col-xs-12 col-sm-12 col-md-6 col-lg-6 post-item item-1 even\"><div class=\"inner cherry-clearfix\"><figure class=\"post-thumbnail\"><a href=\"https:\/\/www.dryada.com.ar\/?p=2218\" title=\"Seguimos trabajando en el gemelo digital del David\" class=\"post-thumbnail_link\"><img loading=\"lazy\" decoding=\"async\" width=\"727\" height=\"410\" src=\"https:\/\/www.dryada.com.ar\/wp-content\/uploads\/2023\/06\/img-notas-david.png\" class=\"attachment-medium_large size-medium_large wp-post-image\" alt=\"\" srcset=\"https:\/\/www.dryada.com.ar\/wp-content\/uploads\/2023\/06\/img-notas-david.png 727w, https:\/\/www.dryada.com.ar\/wp-content\/uploads\/2023\/06\/img-notas-david-300x169.png 300w\" sizes=\"auto, (max-width: 727px) 100vw, 727px\" \/><\/a><\/figure>\n<h4 class=\"post-title\"><a href=\"https:\/\/www.dryada.com.ar\/?p=2218\" title=\"Seguimos trabajando en el gemelo digital del David\">Seguimos trabajando en el gemelo digital del David<\/a><\/h4>\n<div class=\"post-meta\">\n\tPosted on <time datetime=\"2023-06-14T13:21:10-03:00\">junio 14, 2023<\/time> by <span class=\"post-author vcard\"><a href=\"https:\/\/www.dryada.com.ar\/?author=4\" rel=\"author\">Tania Venine<\/a><\/span>  <span class=\"post-tax post-tax-category\"><a href=\"https:\/\/www.dryada.com.ar\/?cat=56\">Novedades<\/a><\/span>\n<\/div>\n\n<div class=\"post-content part\">Estamos ingresando en la \u00faltima etapa de producci\u00f3n del gemelo<\/div>\n<a href=\"https:\/\/www.dryada.com.ar\/?p=2218\" class=\"btn btn-default\">mas info<\/a>\n<footer><\/footer><\/div><\/div><div class=\"cherry-xs-clear cherry-sm-clear cherry-md-clear cherry-lg-clear\"><\/div><!--\/.cherry-posts-item--><div class=\"cherry-posts-item col-xs-12 col-sm-12 col-md-6 col-lg-6 post-item item-2 odd\"><div class=\"inner cherry-clearfix\"><figure class=\"post-thumbnail\"><a href=\"https:\/\/www.dryada.com.ar\/?p=1952\" title=\"Entrevista a Denise Di Federico en el programa radial Pa\u00eds Productivo de FM La Patriada\" class=\"post-thumbnail_link\"><img loading=\"lazy\" decoding=\"async\" width=\"727\" height=\"410\" src=\"https:\/\/www.dryada.com.ar\/wp-content\/uploads\/2020\/11\/radio-1.png\" class=\"attachment-medium_large size-medium_large wp-post-image\" alt=\"\" srcset=\"https:\/\/www.dryada.com.ar\/wp-content\/uploads\/2020\/11\/radio-1.png 727w, https:\/\/www.dryada.com.ar\/wp-content\/uploads\/2020\/11\/radio-1-300x169.png 300w\" sizes=\"auto, (max-width: 727px) 100vw, 727px\" \/><\/a><\/figure>\n<h4 class=\"post-title\"><a href=\"https:\/\/www.dryada.com.ar\/?p=1952\" title=\"Entrevista a Denise Di Federico en el programa radial Pa\u00eds Productivo de FM La Patriada\">Entrevista a Denise Di Federico en el programa radial Pa\u00eds Productivo de FM La Patriada<\/a><\/h4>\n<div class=\"post-meta\">\n\tPosted on <time datetime=\"2020-11-30T18:06:05-03:00\">noviembre 30, 2020<\/time> by <span class=\"post-author vcard\"><a href=\"https:\/\/www.dryada.com.ar\/?author=4\" rel=\"author\">Tania Venine<\/a><\/span>  <span class=\"post-tax post-tax-category\"><a href=\"https:\/\/www.dryada.com.ar\/?cat=56\">Novedades<\/a><\/span>\n<\/div>\n\n<div class=\"post-content part\">Escuchalo ac\u00e1 &nbsp;<\/div>\n<a href=\"https:\/\/www.dryada.com.ar\/?p=1952\" class=\"btn btn-default\">mas info<\/a>\n<footer><\/footer><\/div><\/div><div class=\"cherry-xs-clear cherry-sm-clear\"><\/div><!--\/.cherry-posts-item--><div class=\"cherry-posts-item col-xs-12 col-sm-12 col-md-6 col-lg-6 post-item item-3 even\"><div class=\"inner cherry-clearfix\"><figure class=\"post-thumbnail\"><a href=\"https:\/\/www.dryada.com.ar\/?p=1948\" title=\"Participamos del ciclo Audiovisuales Tecnotrade de CARMAHE\" class=\"post-thumbnail_link\"><img loading=\"lazy\" decoding=\"async\" width=\"727\" height=\"410\" src=\"https:\/\/www.dryada.com.ar\/wp-content\/uploads\/2020\/11\/notacarmahe.jpg\" class=\"attachment-medium_large size-medium_large wp-post-image\" alt=\"\" srcset=\"https:\/\/www.dryada.com.ar\/wp-content\/uploads\/2020\/11\/notacarmahe.jpg 727w, https:\/\/www.dryada.com.ar\/wp-content\/uploads\/2020\/11\/notacarmahe-300x169.jpg 300w\" sizes=\"auto, (max-width: 727px) 100vw, 727px\" \/><\/a><\/figure>\n<h4 class=\"post-title\"><a href=\"https:\/\/www.dryada.com.ar\/?p=1948\" title=\"Participamos del ciclo Audiovisuales Tecnotrade de CARMAHE\">Participamos del ciclo Audiovisuales Tecnotrade de CARMAHE<\/a><\/h4>\n<div class=\"post-meta\">\n\tPosted on <time datetime=\"2020-11-30T16:36:18-03:00\">noviembre 30, 2020<\/time> by <span class=\"post-author vcard\"><a href=\"https:\/\/www.dryada.com.ar\/?author=4\" rel=\"author\">Tania Venine<\/a><\/span>  <span class=\"post-tax post-tax-category\"><a href=\"https:\/\/www.dryada.com.ar\/?cat=56\">Novedades<\/a><\/span>\n<\/div>\n\n<div class=\"post-content part\">Compartimos en el ciclo de CARMAHE las novedades sobre la<\/div>\n<a href=\"https:\/\/www.dryada.com.ar\/?p=1948\" class=\"btn btn-default\">mas info<\/a>\n<footer><\/footer><\/div><\/div><div class=\"cherry-xs-clear cherry-sm-clear cherry-md-clear cherry-lg-clear\"><\/div><!--\/.cherry-posts-item--><div class=\"cherry-posts-item col-xs-12 col-sm-12 col-md-6 col-lg-6 post-item item-4 odd\"><div class=\"inner cherry-clearfix\"><figure class=\"post-thumbnail\"><a href=\"https:\/\/www.dryada.com.ar\/?p=1945\" title=\"Piezas de impresi\u00f3n 3D para test de diagn\u00f3stico r\u00e1pido de Covid-19\" class=\"post-thumbnail_link\"><img loading=\"lazy\" decoding=\"async\" width=\"630\" height=\"270\" src=\"https:\/\/www.dryada.com.ar\/wp-content\/uploads\/2020\/11\/img-imo3d.jpg\" class=\"attachment-medium_large size-medium_large wp-post-image\" alt=\"\" srcset=\"https:\/\/www.dryada.com.ar\/wp-content\/uploads\/2020\/11\/img-imo3d.jpg 630w, https:\/\/www.dryada.com.ar\/wp-content\/uploads\/2020\/11\/img-imo3d-300x129.jpg 300w\" sizes=\"auto, (max-width: 630px) 100vw, 630px\" \/><\/a><\/figure>\n<h4 class=\"post-title\"><a href=\"https:\/\/www.dryada.com.ar\/?p=1945\" title=\"Piezas de impresi\u00f3n 3D para test de diagn\u00f3stico r\u00e1pido de Covid-19\">Piezas de impresi\u00f3n 3D para test de diagn\u00f3stico r\u00e1pido de Covid-19<\/a><\/h4>\n<div class=\"post-meta\">\n\tPosted on <time datetime=\"2020-11-30T16:21:18-03:00\">noviembre 30, 2020<\/time> by <span class=\"post-author vcard\"><a href=\"https:\/\/www.dryada.com.ar\/?author=4\" rel=\"author\">Tania Venine<\/a><\/span>  <span class=\"post-tax post-tax-category\"><a href=\"https:\/\/www.dryada.com.ar\/?cat=56\">Novedades<\/a><\/span>\n<\/div>\n\n<div class=\"post-content part\">Especialistas del INTI y de la empresa nacional Ivema Desarrollos,<\/div>\n<a href=\"https:\/\/www.dryada.com.ar\/?p=1945\" class=\"btn btn-default\">mas info<\/a>\n<footer><\/footer><\/div><\/div><div class=\"cherry-xs-clear cherry-sm-clear\"><\/div><!--\/.cherry-posts-item--><div class=\"cherry-posts-item col-xs-12 col-sm-12 col-md-6 col-lg-6 post-item item-5 even\"><div class=\"inner cherry-clearfix\"><figure class=\"post-thumbnail\"><a href=\"https:\/\/www.dryada.com.ar\/?p=1329\" title=\"Estuvimos presentes en Virtual Educa Argentina 2018\" class=\"post-thumbnail_link\"><img loading=\"lazy\" decoding=\"async\" width=\"768\" height=\"431\" src=\"https:\/\/www.dryada.com.ar\/wp-content\/uploads\/2018\/09\/extruder-makerbot-768x431.jpg\" class=\"attachment-medium_large size-medium_large wp-post-image\" alt=\"\" srcset=\"https:\/\/www.dryada.com.ar\/wp-content\/uploads\/2018\/09\/extruder-makerbot-768x431.jpg 768w, https:\/\/www.dryada.com.ar\/wp-content\/uploads\/2018\/09\/extruder-makerbot-300x168.jpg 300w, https:\/\/www.dryada.com.ar\/wp-content\/uploads\/2018\/09\/extruder-makerbot-1024x575.jpg 1024w, https:\/\/www.dryada.com.ar\/wp-content\/uploads\/2018\/09\/extruder-makerbot.jpg 1080w\" sizes=\"auto, (max-width: 768px) 100vw, 768px\" \/><\/a><\/figure>\n<h4 class=\"post-title\"><a href=\"https:\/\/www.dryada.com.ar\/?p=1329\" title=\"Estuvimos presentes en Virtual Educa Argentina 2018\">Estuvimos presentes en Virtual Educa Argentina 2018<\/a><\/h4>\n<div class=\"post-meta\">\n\tPosted on <time datetime=\"2018-09-18T13:42:17-03:00\">septiembre 18, 2018<\/time> by <span class=\"post-author vcard\"><a href=\"https:\/\/www.dryada.com.ar\/?author=3\" rel=\"author\">Vanesa Salgado<\/a><\/span>  <span class=\"post-tax post-tax-category\"><a href=\"https:\/\/www.dryada.com.ar\/?cat=56\">Novedades<\/a><\/span>\n<\/div>\n\n<div class=\"post-content part\">Acompa\u00f1amos al INET en el XX ENCUENTRO INTERNACIONAL VIRTUAL EDUCA<\/div>\n<a href=\"https:\/\/www.dryada.com.ar\/?p=1329\" class=\"btn btn-default\">mas info<\/a>\n<footer><span class=\"post-tax post-tax-post_tag\"><a href=\"https:\/\/www.dryada.com.ar\/?tag=novedades\">Novedades<\/a><\/span><\/footer><\/div><\/div><div class=\"cherry-xs-clear cherry-sm-clear cherry-md-clear cherry-lg-clear\"><\/div><!--\/.cherry-posts-item--><\/div><!--\/.cherry-posts-list-->\n<\/div>\n<\/div><\/div><\/div>\n<div class=\"row row-edge  \" >\n<div class=\"col-md-12 col-xs-offset-0 col-sm-offset-0 col-md-offset-0 col-lg-offset-0 col-xs-pull-0 col-sm-pull-0 col-md-pull-0 col-lg-pull-0 col-xs-push-0 col-sm-push-0 col-md-push-0 col-lg-push-0\">\n<div class=\"aligncenter  -wrapper\"><a class=\"cherry-btn cherry-btn-primary cherry-btn-medium cherry-btn-inline cherry-btn-fade  \" target=\"_self\" href=\"http:\/\/www.dryada.com.ar\/?page_id=1356\">Archivo de Noticias<\/a><\/div>\n<\/div>\n<\/div>\n","protected":false},"excerpt":{"rendered":"","protected":false},"author":1,"featured_media":0,"parent":0,"menu_order":0,"comment_status":"closed","ping_status":"closed","template":"","meta":{"footnotes":""},"class_list":["post-1089","page","type-page","status-publish","hentry"],"_links":{"self":[{"href":"https:\/\/www.dryada.com.ar\/index.php?rest_route=\/wp\/v2\/pages\/1089","targetHints":{"allow":["GET"]}}],"collection":[{"href":"https:\/\/www.dryada.com.ar\/index.php?rest_route=\/wp\/v2\/pages"}],"about":[{"href":"https:\/\/www.dryada.com.ar\/index.php?rest_route=\/wp\/v2\/types\/page"}],"author":[{"embeddable":true,"href":"https:\/\/www.dryada.com.ar\/index.php?rest_route=\/wp\/v2\/users\/1"}],"replies":[{"embeddable":true,"href":"https:\/\/www.dryada.com.ar\/index.php?rest_route=%2Fwp%2Fv2%2Fcomments&post=1089"}],"version-history":[{"count":14,"href":"https:\/\/www.dryada.com.ar\/index.php?rest_route=\/wp\/v2\/pages\/1089\/revisions"}],"predecessor-version":[{"id":1097,"href":"https:\/\/www.dryada.com.ar\/index.php?rest_route=\/wp\/v2\/pages\/1089\/revisions\/1097"}],"wp:attachment":[{"href":"https:\/\/www.dryada.com.ar\/index.php?rest_route=%2Fwp%2Fv2%2Fmedia&parent=1089"}],"curies":[{"name":"wp","href":"https:\/\/api.w.org\/{rel}","templated":true}]}}